{"id":120,"date":"2017-12-10T21:01:34","date_gmt":"2017-12-10T21:01:34","guid":{"rendered":"http:\/\/lea-steinbach.de\/?page_id=120"},"modified":"2018-11-18T13:52:17","modified_gmt":"2018-11-18T13:52:17","slug":"impressum-disclaimer","status":"publish","type":"page","link":"http:\/\/lea-steinbach.de\/?page_id=120","title":{"rendered":"Impressum \/ Disclaimer"},"content":{"rendered":"<p>Impressum\/Copyright:<\/p>\n<p>Betreiber von www.lea-steinbach.de:<br \/>\nLea Steinbach, 73773 Aichwald<br \/>\n<a href=\"mailto:lea@lea-steinbach.de\">lea@lea-steinbach.de<\/a><\/p>\n<p>Bildquellen: Alle Rechte der Bilder auf www.lea-steinbach.de bei Lea Steinbach<\/p>\n<p>NUTZUNGSBEDINGUNGEN:<br \/>\nDie Benutzung der Website geschieht auf eigene Gefahr. Mit dem Zugriff auf diese Website werden die Bedingungen ohne Einschr\u00e4nkungen vom Nutzer akzeptiert. Sollte das Material, die Website, diese Bedingungen oder andere Richtlinien widerstreben, ist die Website unverz\u00fcglich zu verlassen. Der Betreiber beh\u00e4lt sich vor, die Nutzungsbedingungen jederzeit zu \u00e4ndern. Der Nutzer ist dazu angehalten, sich regelm\u00e4ssig \u00fcber \u00c4nderungen eigenst\u00e4ndig zu informieren.<\/p>\n<p>HAFTUNG F\u00dcR LINKS:<br \/>\nDas Angebot enth\u00e4lt Links zu externen Webseiten Dritter, auf deren Inhalte wir keinen Einfluss haben. Deshalb k\u00f6nnen wir f\u00fcr diese fremden Inhalte auch keine Gew\u00e4hr \u00fcbernehmen. F\u00fcr die Inhalte der verlinkten Seiten ist stets der jeweilige Anbieter oder Betreiber der Seiten verantwortlich. Die verlinkten Seiten wurden zum Zeitpunkt der Verlinkung auf m\u00f6gliche Rechtsverst\u00f6\u00dfe \u00fcberpr\u00fcft. Rechtswidrige Inhalte waren zum Zeitpunkt der Verlinkung nicht erkennbar. Eine permanente inhaltliche Kontrolle der verlinkten Seiten ist jedoch ohne konkrete Anhaltspunkte einer Rechtsverletzung nicht zumutbar. Bei Bekanntwerden von Rechtsverletzungen werden wir derartige Links umgehend entfernen. Bitte lesen sie auch den aktuellen\u00a0<a href=\"http:\/\/www.disclaimer.de\/disclaimer.htm?farbe=FFFFFF\/000000\/000080\/000080\" target=\"_blank\" rel=\"noopener\">HAFTUNGSAUSSCHLUSS<\/a><\/p>\n","protected":false},"excerpt":{"rendered":"<p>Impressum\/Copyright: Betreiber von www.lea-steinbach.de: Lea Steinbach, 73773 Aichwald lea@lea-steinbach.de Bildquellen: Alle Rechte der Bilder auf www.lea-steinbach.de bei Lea Steinbach NUTZUNGSBEDINGUNGEN: Die Benutzung der Website geschieht auf eigene Gefahr. Mit dem Zugriff auf diese Website werden die Bedingungen ohne Einschr\u00e4nkungen vom Nutzer akzeptiert. Sollte das Material, die Website, diese Bedingungen oder andere Richtlinien widerstreben, ist die&hellip;<a href=\"http:\/\/lea-steinbach.de\/?page_id=120\" class=\"button\">Weiterlesen <span class=\"screen-reader-text\">Impressum \/ Disclaimer<\/span><\/a><\/p>\n","protected":false},"author":1,"featured_media":575,"parent":0,"menu_order":0,"comment_status":"closed","ping_status":"closed","template":"","meta":[],"_links":{"self":[{"href":"http:\/\/lea-steinbach.de\/index.php?rest_route=\/wp\/v2\/pages\/120"}],"collection":[{"href":"http:\/\/lea-steinbach.de\/index.php?rest_route=\/wp\/v2\/pages"}],"about":[{"href":"http:\/\/lea-steinbach.de\/index.php?rest_route=\/wp\/v2\/types\/page"}],"author":[{"embeddable":true,"href":"http:\/\/lea-steinbach.de\/index.php?rest_route=\/wp\/v2\/users\/1"}],"replies":[{"embeddable":true,"href":"http:\/\/lea-steinbach.de\/index.php?rest_route=%2Fwp%2Fv2%2Fcomments&post=120"}],"version-history":[{"count":5,"href":"http:\/\/lea-steinbach.de\/index.php?rest_route=\/wp\/v2\/pages\/120\/revisions"}],"predecessor-version":[{"id":296,"href":"http:\/\/lea-steinbach.de\/index.php?rest_route=\/wp\/v2\/pages\/120\/revisions\/296"}],"wp:featuredmedia":[{"embeddable":true,"href":"http:\/\/lea-steinbach.de\/index.php?rest_route=\/wp\/v2\/media\/575"}],"wp:attachment":[{"href":"http:\/\/lea-steinbach.de\/index.php?rest_route=%2Fwp%2Fv2%2Fmedia&parent=120"}],"curies":[{"name":"wp","href":"https:\/\/api.w.org\/{rel}","templated":true}]}}